{"id":77,"date":"2025-01-07T22:26:15","date_gmt":"2025-01-07T21:26:15","guid":{"rendered":"https:\/\/www.kbezpecnosti.cz\/?page_id=77"},"modified":"2025-01-18T14:31:13","modified_gmt":"2025-01-18T13:31:13","slug":"uvod","status":"publish","type":"page","link":"https:\/\/www.kbezpecnosti.cz\/","title":{"rendered":"\u00davod"},"content":{"rendered":"","protected":false},"excerpt":{"rendered":"","protected":false},"author":1,"featured_media":0,"parent":0,"menu_order":0,"comment_status":"closed","ping_status":"closed","template":"","meta":{"footnotes":""},"class_list":["post-77","page","type-page","status-publish","hentry"],"yoast_head":"<!-- This site is optimized with the Yoast SEO plugin v25.2 - https:\/\/yoast.com\/wordpress\/plugins\/seo\/ -->\n<title>\u00davod - BOZP Ing. Kate\u0159ina Leke\u0161ov\u00e1<\/title>\n<meta name=\"description\" content=\"BOZP Ing. Kate\u0159ina Leke\u0161ov\u00e1. Zajist\u011bte sv\u00fdm zam\u011bstnanc\u016fm bezpe\u010dn\u00e9 pracovn\u00ed prost\u0159ed\u00ed. \u0160kol\u00edm BOZP pro firmy i jednotlivce.\" \/>\n<meta name=\"robots\" content=\"index, follow, max-snippet:-1, max-image-preview:large, max-video-preview:-1\" \/>\n<link rel=\"canonical\" href=\"https:\/\/www.kbezpecnosti.cz\/\" \/>\n<meta property=\"og:locale\" content=\"cs_CZ\" \/>\n<meta property=\"og:type\" content=\"article\" \/>\n<meta property=\"og:title\" content=\"\u00davod - BOZP Ing. Kate\u0159ina Leke\u0161ov\u00e1\" \/>\n<meta property=\"og:description\" content=\"BOZP Ing. Kate\u0159ina Leke\u0161ov\u00e1. Zajist\u011bte sv\u00fdm zam\u011bstnanc\u016fm bezpe\u010dn\u00e9 pracovn\u00ed prost\u0159ed\u00ed. \u0160kol\u00edm BOZP pro firmy i jednotlivce.\" \/>\n<meta property=\"og:url\" content=\"https:\/\/www.kbezpecnosti.cz\/\" \/>\n<meta property=\"og:site_name\" content=\"BOZP Ing. Kate\u0159ina Leke\u0161ov\u00e1\" \/>\n<meta property=\"article:modified_time\" content=\"2025-01-18T13:31:13+00:00\" \/>\n<meta name=\"twitter:card\" content=\"summary_large_image\" \/>\n<meta name=\"twitter:label1\" content=\"Odhadovan\u00e1 doba \u010dten\u00ed\" \/>\n\t<meta name=\"twitter:data1\" content=\"3 minuty\" \/>\n<script type=\"application\/ld+json\" class=\"yoast-schema-graph\">{\"@context\":\"https:\/\/schema.org\",\"@graph\":[{\"@type\":\"WebPage\",\"@id\":\"https:\/\/www.kbezpecnosti.cz\/\",\"url\":\"https:\/\/www.kbezpecnosti.cz\/\",\"name\":\"\u00davod - BOZP Ing. Kate\u0159ina Leke\u0161ov\u00e1\",\"isPartOf\":{\"@id\":\"https:\/\/www.kbezpecnosti.cz\/#website\"},\"datePublished\":\"2025-01-07T21:26:15+00:00\",\"dateModified\":\"2025-01-18T13:31:13+00:00\",\"description\":\"BOZP Ing. Kate\u0159ina Leke\u0161ov\u00e1. Zajist\u011bte sv\u00fdm zam\u011bstnanc\u016fm bezpe\u010dn\u00e9 pracovn\u00ed prost\u0159ed\u00ed. \u0160kol\u00edm BOZP pro firmy i jednotlivce.\",\"breadcrumb\":{\"@id\":\"https:\/\/www.kbezpecnosti.cz\/#breadcrumb\"},\"inLanguage\":\"cs\",\"potentialAction\":[{\"@type\":\"ReadAction\",\"target\":[\"https:\/\/www.kbezpecnosti.cz\/\"]}]},{\"@type\":\"BreadcrumbList\",\"@id\":\"https:\/\/www.kbezpecnosti.cz\/#breadcrumb\",\"itemListElement\":[{\"@type\":\"ListItem\",\"position\":1,\"name\":\"Dom\u016f\",\"item\":\"https:\/\/www.kbezpecnosti.cz\/\"},{\"@type\":\"ListItem\",\"position\":2,\"name\":\"\u00davod\"}]},{\"@type\":\"WebSite\",\"@id\":\"https:\/\/www.kbezpecnosti.cz\/#website\",\"url\":\"https:\/\/www.kbezpecnosti.cz\/\",\"name\":\"BOZP Ing. Kate\u0159ina Leke\u0161ov\u00e1\",\"description\":\"Bezpe\u010dnost a Ochrana zdrav\u00ed p\u0159i pr\u00e1ci\",\"potentialAction\":[{\"@type\":\"SearchAction\",\"target\":{\"@type\":\"EntryPoint\",\"urlTemplate\":\"https:\/\/www.kbezpecnosti.cz\/?s={search_term_string}\"},\"query-input\":{\"@type\":\"PropertyValueSpecification\",\"valueRequired\":true,\"valueName\":\"search_term_string\"}}],\"inLanguage\":\"cs\"}]}<\/script>\n<!-- \/ Yoast SEO plugin. -->","yoast_head_json":{"title":"\u00davod - BOZP Ing. Kate\u0159ina Leke\u0161ov\u00e1","description":"BOZP Ing. Kate\u0159ina Leke\u0161ov\u00e1. Zajist\u011bte sv\u00fdm zam\u011bstnanc\u016fm bezpe\u010dn\u00e9 pracovn\u00ed prost\u0159ed\u00ed. \u0160kol\u00edm BOZP pro firmy i jednotlivce.","robots":{"index":"index","follow":"follow","max-snippet":"max-snippet:-1","max-image-preview":"max-image-preview:large","max-video-preview":"max-video-preview:-1"},"canonical":"https:\/\/www.kbezpecnosti.cz\/","og_locale":"cs_CZ","og_type":"article","og_title":"\u00davod - BOZP Ing. Kate\u0159ina Leke\u0161ov\u00e1","og_description":"BOZP Ing. Kate\u0159ina Leke\u0161ov\u00e1. Zajist\u011bte sv\u00fdm zam\u011bstnanc\u016fm bezpe\u010dn\u00e9 pracovn\u00ed prost\u0159ed\u00ed. \u0160kol\u00edm BOZP pro firmy i jednotlivce.","og_url":"https:\/\/www.kbezpecnosti.cz\/","og_site_name":"BOZP Ing. Kate\u0159ina Leke\u0161ov\u00e1","article_modified_time":"2025-01-18T13:31:13+00:00","twitter_card":"summary_large_image","twitter_misc":{"Odhadovan\u00e1 doba \u010dten\u00ed":"3 minuty"},"schema":{"@context":"https:\/\/schema.org","@graph":[{"@type":"WebPage","@id":"https:\/\/www.kbezpecnosti.cz\/","url":"https:\/\/www.kbezpecnosti.cz\/","name":"\u00davod - BOZP Ing. Kate\u0159ina Leke\u0161ov\u00e1","isPartOf":{"@id":"https:\/\/www.kbezpecnosti.cz\/#website"},"datePublished":"2025-01-07T21:26:15+00:00","dateModified":"2025-01-18T13:31:13+00:00","description":"BOZP Ing. Kate\u0159ina Leke\u0161ov\u00e1. Zajist\u011bte sv\u00fdm zam\u011bstnanc\u016fm bezpe\u010dn\u00e9 pracovn\u00ed prost\u0159ed\u00ed. \u0160kol\u00edm BOZP pro firmy i jednotlivce.","breadcrumb":{"@id":"https:\/\/www.kbezpecnosti.cz\/#breadcrumb"},"inLanguage":"cs","potentialAction":[{"@type":"ReadAction","target":["https:\/\/www.kbezpecnosti.cz\/"]}]},{"@type":"BreadcrumbList","@id":"https:\/\/www.kbezpecnosti.cz\/#breadcrumb","itemListElement":[{"@type":"ListItem","position":1,"name":"Dom\u016f","item":"https:\/\/www.kbezpecnosti.cz\/"},{"@type":"ListItem","position":2,"name":"\u00davod"}]},{"@type":"WebSite","@id":"https:\/\/www.kbezpecnosti.cz\/#website","url":"https:\/\/www.kbezpecnosti.cz\/","name":"BOZP Ing. Kate\u0159ina Leke\u0161ov\u00e1","description":"Bezpe\u010dnost a Ochrana zdrav\u00ed p\u0159i pr\u00e1ci","potentialAction":[{"@type":"SearchAction","target":{"@type":"EntryPoint","urlTemplate":"https:\/\/www.kbezpecnosti.cz\/?s={search_term_string}"},"query-input":{"@type":"PropertyValueSpecification","valueRequired":true,"valueName":"search_term_string"}}],"inLanguage":"cs"}]}},"_links":{"self":[{"href":"https:\/\/www.kbezpecnosti.cz\/index.php\/wp-json\/wp\/v2\/pages\/77","targetHints":{"allow":["GET"]}}],"collection":[{"href":"https:\/\/www.kbezpecnosti.cz\/index.php\/wp-json\/wp\/v2\/pages"}],"about":[{"href":"https:\/\/www.kbezpecnosti.cz\/index.php\/wp-json\/wp\/v2\/types\/page"}],"author":[{"embeddable":true,"href":"https:\/\/www.kbezpecnosti.cz\/index.php\/wp-json\/wp\/v2\/users\/1"}],"replies":[{"embeddable":true,"href":"https:\/\/www.kbezpecnosti.cz\/index.php\/wp-json\/wp\/v2\/comments?post=77"}],"version-history":[{"count":1,"href":"https:\/\/www.kbezpecnosti.cz\/index.php\/wp-json\/wp\/v2\/pages\/77\/revisions"}],"predecessor-version":[{"id":78,"href":"https:\/\/www.kbezpecnosti.cz\/index.php\/wp-json\/wp\/v2\/pages\/77\/revisions\/78"}],"wp:attachment":[{"href":"https:\/\/www.kbezpecnosti.cz\/index.php\/wp-json\/wp\/v2\/media?parent=77"}],"curies":[{"name":"wp","href":"https:\/\/api.w.org\/{rel}","templated":true}]}}